{"id":983,"date":"2017-09-10T21:34:13","date_gmt":"2017-09-11T01:34:13","guid":{"rendered":"https:\/\/catherinegoerner.com\/?page_id=983"},"modified":"2017-11-27T10:30:13","modified_gmt":"2017-11-27T15:30:13","slug":"secondaire-4","status":"publish","type":"page","link":"https:\/\/catherinegoerner.com\/?page_id=983","title":{"rendered":"Secondaire 4"},"content":{"rendered":"<p><em>Bonjour,<\/em><\/p>\n<p><em>Bienvenue sur la page r\u00e9serv\u00e9e aux cours de secondaire 4. Vous trouverez les outils utiles aux projets et autres documents importants pour vos cours dans les pages des projets en cours (Menu: Cours Arts plastiques\/ Secondaire 4 \/ nom du projet). Pour toute aide suppl\u00e9mentaire ou questions, vous pouvez m&rsquo;\u00e9crire sur le portail de l&rsquo;\u00e9cole.<\/em><\/p>\n<p><em>Bons projets! \ud83d\ude42<\/em><\/p>\n<p><em>Mme Goerner-Potvin<\/em><\/p>\n<p><span style=\"text-decoration: underline;\"><strong>\u00a0Les projets:<\/strong><\/span><\/p>\n<ul>\n<li><a title=\"Projet Couverture\" href=\"https:\/\/catherinegoerner.com\/?page_id=1110\">Couverture du cahier \u00e0 dessin: Un mot\/ une image<\/a><\/li>\n<li><a title=\"Projet Gif anim\u00e9 (Pop art)\" href=\"https:\/\/catherinegoerner.com\/?page_id=1115\">Gif anim\u00e9 inspir\u00e9 du Pop Art\u00a0<\/a><\/li>\n<li><a href=\"https:\/\/catherinegoerner.com\/?page_id=1257\">Dessin de perspective<\/a><\/li>\n<\/ul>\n<p>Liens utiles:<\/p>\n<p><a href=\"https:\/\/educart.ca\/fr\/accueil-alternatif\/\">https:\/\/educart.ca\/fr\/accueil-alternatif\/<\/a><\/p>\n<p>&nbsp;<\/p>\n","protected":false},"excerpt":{"rendered":"<p>Bonjour, Bienvenue sur la page r\u00e9serv\u00e9e aux cours de secondaire 4. Vous trouverez les outils utiles aux projets et autres documents importants pour vos cours dans les pages des projets en cours (Menu: Cours Arts plastiques\/ Secondaire 4 \/ nom &hellip; <a href=\"https:\/\/catherinegoerner.com\/?page_id=983\">Continuer la lecture <span class=\"meta-nav\">&rarr;<\/span><\/a><\/p>\n","protected":false},"author":1,"featured_media":0,"parent":0,"menu_order":0,"comment_status":"open","ping_status":"open","template":"","meta":{"footnotes":""},"class_list":["post-983","page","type-page","status-publish","hentry"],"_links":{"self":[{"href":"https:\/\/catherinegoerner.com\/index.php?rest_route=\/wp\/v2\/pages\/983","targetHints":{"allow":["GET"]}}],"collection":[{"href":"https:\/\/catherinegoerner.com\/index.php?rest_route=\/wp\/v2\/pages"}],"about":[{"href":"https:\/\/catherinegoerner.com\/index.php?rest_route=\/wp\/v2\/types\/page"}],"author":[{"embeddable":true,"href":"https:\/\/catherinegoerner.com\/index.php?rest_route=\/wp\/v2\/users\/1"}],"replies":[{"embeddable":true,"href":"https:\/\/catherinegoerner.com\/index.php?rest_route=%2Fwp%2Fv2%2Fcomments&post=983"}],"version-history":[{"count":31,"href":"https:\/\/catherinegoerner.com\/index.php?rest_route=\/wp\/v2\/pages\/983\/revisions"}],"predecessor-version":[{"id":1453,"href":"https:\/\/catherinegoerner.com\/index.php?rest_route=\/wp\/v2\/pages\/983\/revisions\/1453"}],"wp:attachment":[{"href":"https:\/\/catherinegoerner.com\/index.php?rest_route=%2Fwp%2Fv2%2Fmedia&parent=983"}],"curies":[{"name":"wp","href":"https:\/\/api.w.org\/{rel}","templated":true}]}}