{"id":980,"date":"2017-09-10T21:31:42","date_gmt":"2017-09-11T01:31:42","guid":{"rendered":"https:\/\/catherinegoerner.com\/?page_id=980"},"modified":"2017-11-27T10:34:34","modified_gmt":"2017-11-27T15:34:34","slug":"cours-arts-plastiques","status":"publish","type":"page","link":"https:\/\/catherinegoerner.com\/?page_id=980","title":{"rendered":"COURS Arts plastiques"},"content":{"rendered":"<p>Nous sommes en p\u00e9riode de cr\u00e9ation constante. Plusieurs projets seront livr\u00e9s dans cette section de mon blog au cours de leurs r\u00e9alisation en classe. Pour le moment, voici les projets test\u00e9s en classe (par niveau):<\/p>\n<ul>\n<li><a href=\"https:\/\/catherinegoerner.com\/?page_id=1034\">Premier cycle (secondaire 1 et 2)<\/a><\/li>\n<li><a href=\"https:\/\/catherinegoerner.com\/?page_id=983\">Deuxi\u00e8me cycle: Secondaire 4<\/a><\/li>\n<\/ul>\n<p><em>Bonne lecture!<\/em><\/p>\n","protected":false},"excerpt":{"rendered":"<p>Nous sommes en p\u00e9riode de cr\u00e9ation constante. Plusieurs projets seront livr\u00e9s dans cette section de mon blog au cours de leurs r\u00e9alisation en classe. Pour le moment, voici les projets test\u00e9s en classe (par niveau): Premier cycle (secondaire 1 et &hellip; <a href=\"https:\/\/catherinegoerner.com\/?page_id=980\">Continuer la lecture <span class=\"meta-nav\">&rarr;<\/span><\/a><\/p>\n","protected":false},"author":1,"featured_media":0,"parent":0,"menu_order":0,"comment_status":"open","ping_status":"open","template":"","meta":{"footnotes":""},"class_list":["post-980","page","type-page","status-publish","hentry"],"_links":{"self":[{"href":"https:\/\/catherinegoerner.com\/index.php?rest_route=\/wp\/v2\/pages\/980","targetHints":{"allow":["GET"]}}],"collection":[{"href":"https:\/\/catherinegoerner.com\/index.php?rest_route=\/wp\/v2\/pages"}],"about":[{"href":"https:\/\/catherinegoerner.com\/index.php?rest_route=\/wp\/v2\/types\/page"}],"author":[{"embeddable":true,"href":"https:\/\/catherinegoerner.com\/index.php?rest_route=\/wp\/v2\/users\/1"}],"replies":[{"embeddable":true,"href":"https:\/\/catherinegoerner.com\/index.php?rest_route=%2Fwp%2Fv2%2Fcomments&post=980"}],"version-history":[{"count":3,"href":"https:\/\/catherinegoerner.com\/index.php?rest_route=\/wp\/v2\/pages\/980\/revisions"}],"predecessor-version":[{"id":1456,"href":"https:\/\/catherinegoerner.com\/index.php?rest_route=\/wp\/v2\/pages\/980\/revisions\/1456"}],"wp:attachment":[{"href":"https:\/\/catherinegoerner.com\/index.php?rest_route=%2Fwp%2Fv2%2Fmedia&parent=980"}],"curies":[{"name":"wp","href":"https:\/\/api.w.org\/{rel}","templated":true}]}}