{"id":203,"date":"2012-06-02T22:50:38","date_gmt":"2012-06-02T22:50:38","guid":{"rendered":"https:\/\/catherinegoerner.com\/?page_id=203"},"modified":"2017-08-17T15:32:14","modified_gmt":"2017-08-17T19:32:14","slug":"contact","status":"publish","type":"page","link":"https:\/\/catherinegoerner.com\/?page_id=203","title":{"rendered":"Contact"},"content":{"rendered":"<p>&nbsp;<\/p>\n<p><span style=\"color: #000000;\">Pour toute information compl\u00e9mentaire, vous pouvez me contacter \u00e0 l&rsquo;adresse courriel suivante:<\/span><\/p>\n<p><span style=\"color: #0000ff;\"><strong style=\"color: #333333; font-style: normal; line-height: 26px;\">cathgoerner.p@gmail.com<\/strong><\/span><\/p>\n<p>Il me fera plaisir de vous r\u00e9pondre!<\/p>\n<p><em>Catherine Goerner Potvin<\/em><\/p>\n<p>Montr\u00e9al, Qu\u00e9bec, Canada<\/p>\n<p>&nbsp;<\/p>\n<p>&nbsp;<\/p>\n","protected":false},"excerpt":{"rendered":"<p>&nbsp; Pour toute information compl\u00e9mentaire, vous pouvez me contacter \u00e0 l&rsquo;adresse courriel suivante: cathgoerner.p@gmail.com Il me fera plaisir de vous r\u00e9pondre! Catherine Goerner Potvin Montr\u00e9al, Qu\u00e9bec, Canada &nbsp; &nbsp;<\/p>\n","protected":false},"author":1,"featured_media":0,"parent":0,"menu_order":0,"comment_status":"open","ping_status":"open","template":"","meta":{"footnotes":""},"class_list":["post-203","page","type-page","status-publish","hentry"],"_links":{"self":[{"href":"https:\/\/catherinegoerner.com\/index.php?rest_route=\/wp\/v2\/pages\/203","targetHints":{"allow":["GET"]}}],"collection":[{"href":"https:\/\/catherinegoerner.com\/index.php?rest_route=\/wp\/v2\/pages"}],"about":[{"href":"https:\/\/catherinegoerner.com\/index.php?rest_route=\/wp\/v2\/types\/page"}],"author":[{"embeddable":true,"href":"https:\/\/catherinegoerner.com\/index.php?rest_route=\/wp\/v2\/users\/1"}],"replies":[{"embeddable":true,"href":"https:\/\/catherinegoerner.com\/index.php?rest_route=%2Fwp%2Fv2%2Fcomments&post=203"}],"version-history":[{"count":4,"href":"https:\/\/catherinegoerner.com\/index.php?rest_route=\/wp\/v2\/pages\/203\/revisions"}],"predecessor-version":[{"id":937,"href":"https:\/\/catherinegoerner.com\/index.php?rest_route=\/wp\/v2\/pages\/203\/revisions\/937"}],"wp:attachment":[{"href":"https:\/\/catherinegoerner.com\/index.php?rest_route=%2Fwp%2Fv2%2Fmedia&parent=203"}],"curies":[{"name":"wp","href":"https:\/\/api.w.org\/{rel}","templated":true}]}}