{"id":1364,"date":"2017-11-02T22:08:20","date_gmt":"2017-11-03T02:08:20","guid":{"rendered":"https:\/\/catherinegoerner.com\/?page_id=1364"},"modified":"2017-11-02T22:08:20","modified_gmt":"2017-11-03T02:08:20","slug":"une-architecture-du-futur","status":"publish","type":"page","link":"https:\/\/catherinegoerner.com\/?page_id=1364","title":{"rendered":"Une architecture du futur"},"content":{"rendered":"<p>Dans ce projet, vous utiliserez les notions du cours de <a href=\"https:\/\/catherinegoerner.com\/?page_id=1257\">Dessin de perspective<\/a>. Tout particuli\u00e8rement, vous dessinerez une ville imagin\u00e9e par vous en vous servant des r\u00e8gles de la perspective: point(s) de fuite, lignes de fuite, etc. Si vous l&rsquo;avez manqu\u00e9, je vous conseille fortement de retourner le lire avant de commencer.<\/p>\n<p><strong>Mise en situation:<\/strong><\/p>\n<p>Les fortes pluies, l&rsquo;amincissement de la couche d&rsquo;ozone, le rapprochement des cultures par les nouveaux m\u00e9dias, l&rsquo;immigration de masse, la guerre, les famines et autres pr\u00e9occupations menacent l&rsquo;avenir de l&rsquo;humanit\u00e9. Vous \u00eates architecte et devez concevoir un b\u00e2timent qui r\u00e9ponde \u00e0 un besoin sp\u00e9cifique parmi ceux nomm\u00e9s ci-haut ou un autre de votre choix. Vous devrez imaginer des constructions qui soient en r\u00e9action \u00e0 ces nouveaux probl\u00e8mes mondiaux dont nous ne faisons qu&rsquo;entrevoir les d\u00e9buts. Votre cabinet d&rsquo;architectes (2 \u00e0 3 membres) fera sa proposition en \u00e9quipe. Il y aura un concours pour choisir la meilleure proposition d&rsquo;architecture du futur en D\u00e9cembre. La ville attends de vous une proposition qui inclue:<\/p>\n<ol>\n<li><strong>Un court texte<\/strong> d\u00e9crivant: le b\u00e2timent que vous construirez, ses fonctions premi\u00e8res, le lieux o\u00f9 la construction est pr\u00e9vue et pourquoi ce projet d&rsquo;architecture sera un atout pour l&rsquo;avenir de votre ville. Inclure des images d&rsquo;inspiration si possible. Format demand\u00e9: Word ou PDF, \u00e0 remettre sur le portail.<\/li>\n<li><strong>Une maquette d\u00e9taill\u00e9e, dessin\u00e9e en perspective lin\u00e9aire<\/strong> de votre conception architecturale. Y inclure au moins un personnage pour nous donner une id\u00e9e de l&rsquo;\u00e9chelle de cette construction et quelques \u00e9l\u00e9ments environnants comme les arbres ou la rue pour nous donner une id\u00e9e de l&#8217;emplacement final. Elle sera r\u00e9alis\u00e9e au crayon mine HB et 4B et peinte avec des couleurs aquarelles.<\/li>\n<\/ol>\n<p><strong>Des exemples d&rsquo;architectures imagin\u00e9es pour le futur:<\/strong><\/p>\n<p>(D&rsquo;autres aussi disponibles<a href=\"https:\/\/inhabitat.com\/7-futuristic-floating-cities-that-could-save-humanity\/floating-cities\"> ICI<\/a>, article en anglais, mais tr\u00e8s int\u00e9ressant!)<\/p>\n<p>St\u00e9phane Malka<a href=\"https:\/\/catherinegoerner.com\/wp-content\/uploads\/2017\/11\/3b7723836fe6c577939bdfe39d4c632d.jpg\"><img loading=\"lazy\" decoding=\"async\" class=\"alignnone size-large wp-image-1366\" src=\"https:\/\/catherinegoerner.com\/wp-content\/uploads\/2017\/11\/3b7723836fe6c577939bdfe39d4c632d-724x1024.jpg\" alt=\"\" width=\"584\" height=\"826\" srcset=\"https:\/\/catherinegoerner.com\/wp-content\/uploads\/2017\/11\/3b7723836fe6c577939bdfe39d4c632d-724x1024.jpg 724w, https:\/\/catherinegoerner.com\/wp-content\/uploads\/2017\/11\/3b7723836fe6c577939bdfe39d4c632d-212x300.jpg 212w, https:\/\/catherinegoerner.com\/wp-content\/uploads\/2017\/11\/3b7723836fe6c577939bdfe39d4c632d-768x1086.jpg 768w, https:\/\/catherinegoerner.com\/wp-content\/uploads\/2017\/11\/3b7723836fe6c577939bdfe39d4c632d.jpg 1000w\" sizes=\"auto, (max-width: 584px) 100vw, 584px\" \/><\/a><a href=\"https:\/\/catherinegoerner.com\/wp-content\/uploads\/2017\/11\/Arch2O-The-Nomadic-Micro-City-by-Stephane-Malka-001-650x400.jpg\"><img loading=\"lazy\" decoding=\"async\" class=\"alignnone size-full wp-image-1368\" src=\"https:\/\/catherinegoerner.com\/wp-content\/uploads\/2017\/11\/Arch2O-The-Nomadic-Micro-City-by-Stephane-Malka-001-650x400.jpg\" alt=\"\" width=\"650\" height=\"400\" srcset=\"https:\/\/catherinegoerner.com\/wp-content\/uploads\/2017\/11\/Arch2O-The-Nomadic-Micro-City-by-Stephane-Malka-001-650x400.jpg 650w, https:\/\/catherinegoerner.com\/wp-content\/uploads\/2017\/11\/Arch2O-The-Nomadic-Micro-City-by-Stephane-Malka-001-650x400-300x185.jpg 300w, https:\/\/catherinegoerner.com\/wp-content\/uploads\/2017\/11\/Arch2O-The-Nomadic-Micro-City-by-Stephane-Malka-001-650x400-488x300.jpg 488w\" sizes=\"auto, (max-width: 650px) 100vw, 650px\" \/><\/a><\/p>\n<p>Vincent Callebaut<a href=\"https:\/\/catherinegoerner.com\/wp-content\/uploads\/2017\/11\/vincent-callebaut.jpg\"><img loading=\"lazy\" decoding=\"async\" class=\"alignnone size-full wp-image-1367\" src=\"https:\/\/catherinegoerner.com\/wp-content\/uploads\/2017\/11\/vincent-callebaut.jpg\" alt=\"\" width=\"950\" height=\"685\" srcset=\"https:\/\/catherinegoerner.com\/wp-content\/uploads\/2017\/11\/vincent-callebaut.jpg 950w, https:\/\/catherinegoerner.com\/wp-content\/uploads\/2017\/11\/vincent-callebaut-300x216.jpg 300w, https:\/\/catherinegoerner.com\/wp-content\/uploads\/2017\/11\/vincent-callebaut-768x554.jpg 768w, https:\/\/catherinegoerner.com\/wp-content\/uploads\/2017\/11\/vincent-callebaut-416x300.jpg 416w\" sizes=\"auto, (max-width: 950px) 100vw, 950px\" \/><\/a><a href=\"https:\/\/catherinegoerner.com\/wp-content\/uploads\/2017\/11\/Paris-Smart-City-2050-by-Vincent-Callebaut-09.jpg\"><img loading=\"lazy\" decoding=\"async\" class=\"alignnone size-large wp-image-1369\" src=\"https:\/\/catherinegoerner.com\/wp-content\/uploads\/2017\/11\/Paris-Smart-City-2050-by-Vincent-Callebaut-09-1024x776.jpg\" alt=\"\" width=\"584\" height=\"443\" srcset=\"https:\/\/catherinegoerner.com\/wp-content\/uploads\/2017\/11\/Paris-Smart-City-2050-by-Vincent-Callebaut-09-1024x776.jpg 1024w, https:\/\/catherinegoerner.com\/wp-content\/uploads\/2017\/11\/Paris-Smart-City-2050-by-Vincent-Callebaut-09-300x227.jpg 300w, https:\/\/catherinegoerner.com\/wp-content\/uploads\/2017\/11\/Paris-Smart-City-2050-by-Vincent-Callebaut-09-768x582.jpg 768w, https:\/\/catherinegoerner.com\/wp-content\/uploads\/2017\/11\/Paris-Smart-City-2050-by-Vincent-Callebaut-09-396x300.jpg 396w, https:\/\/catherinegoerner.com\/wp-content\/uploads\/2017\/11\/Paris-Smart-City-2050-by-Vincent-Callebaut-09.jpg 1600w\" sizes=\"auto, (max-width: 584px) 100vw, 584px\" \/><\/a><a href=\"https:\/\/catherinegoerner.com\/wp-content\/uploads\/2017\/11\/lilypad-une-cite-flottante-et-ecologique.jpg\"><img loading=\"lazy\" decoding=\"async\" class=\"alignnone size-large wp-image-1372\" src=\"https:\/\/catherinegoerner.com\/wp-content\/uploads\/2017\/11\/lilypad-une-cite-flottante-et-ecologique-1024x768.jpg\" alt=\"\" width=\"584\" height=\"438\" srcset=\"https:\/\/catherinegoerner.com\/wp-content\/uploads\/2017\/11\/lilypad-une-cite-flottante-et-ecologique-1024x768.jpg 1024w, https:\/\/catherinegoerner.com\/wp-content\/uploads\/2017\/11\/lilypad-une-cite-flottante-et-ecologique-300x225.jpg 300w, https:\/\/catherinegoerner.com\/wp-content\/uploads\/2017\/11\/lilypad-une-cite-flottante-et-ecologique-768x576.jpg 768w, https:\/\/catherinegoerner.com\/wp-content\/uploads\/2017\/11\/lilypad-une-cite-flottante-et-ecologique-400x300.jpg 400w, https:\/\/catherinegoerner.com\/wp-content\/uploads\/2017\/11\/lilypad-une-cite-flottante-et-ecologique.jpg 1200w\" sizes=\"auto, (max-width: 584px) 100vw, 584px\" \/>\u00a0Ville flottante contre la mont\u00e9e des eaux.<\/a><\/p>\n<p>Hundertwasser<\/p>\n<p><a href=\"https:\/\/catherinegoerner.com\/wp-content\/uploads\/2017\/11\/hundertwasserbadblumauanja_fahrig_2010_2.jpg\"><img loading=\"lazy\" decoding=\"async\" class=\"alignnone size-full wp-image-1370\" src=\"https:\/\/catherinegoerner.com\/wp-content\/uploads\/2017\/11\/hundertwasserbadblumauanja_fahrig_2010_2.jpg\" alt=\"\" width=\"800\" height=\"536\" srcset=\"https:\/\/catherinegoerner.com\/wp-content\/uploads\/2017\/11\/hundertwasserbadblumauanja_fahrig_2010_2.jpg 800w, https:\/\/catherinegoerner.com\/wp-content\/uploads\/2017\/11\/hundertwasserbadblumauanja_fahrig_2010_2-300x201.jpg 300w, https:\/\/catherinegoerner.com\/wp-content\/uploads\/2017\/11\/hundertwasserbadblumauanja_fahrig_2010_2-768x515.jpg 768w, https:\/\/catherinegoerner.com\/wp-content\/uploads\/2017\/11\/hundertwasserbadblumauanja_fahrig_2010_2-448x300.jpg 448w\" sizes=\"auto, (max-width: 800px) 100vw, 800px\" \/><\/a> <a href=\"https:\/\/catherinegoerner.com\/wp-content\/uploads\/2017\/11\/kuchlbauer_tower.jpg\"><img loading=\"lazy\" decoding=\"async\" class=\"alignnone size-large wp-image-1371\" src=\"https:\/\/catherinegoerner.com\/wp-content\/uploads\/2017\/11\/kuchlbauer_tower.jpg\" alt=\"\" width=\"584\" height=\"389\" srcset=\"https:\/\/catherinegoerner.com\/wp-content\/uploads\/2017\/11\/kuchlbauer_tower.jpg 750w, https:\/\/catherinegoerner.com\/wp-content\/uploads\/2017\/11\/kuchlbauer_tower-300x200.jpg 300w, https:\/\/catherinegoerner.com\/wp-content\/uploads\/2017\/11\/kuchlbauer_tower-450x300.jpg 450w\" sizes=\"auto, (max-width: 584px) 100vw, 584px\" \/><\/a><\/p>\n<p>Hayao Miyazaki<a href=\"https:\/\/catherinegoerner.com\/wp-content\/uploads\/2017\/11\/130850_hayao-miyazaki-castle-in-the-sky-studio-ghibli-1360x768-wallpaper_www.wall321.com_96.jpg\"><img loading=\"lazy\" decoding=\"async\" class=\"alignnone size-large wp-image-1374\" src=\"https:\/\/catherinegoerner.com\/wp-content\/uploads\/2017\/11\/130850_hayao-miyazaki-castle-in-the-sky-studio-ghibli-1360x768-wallpaper_www.wall321.com_96.jpg\" alt=\"\" width=\"584\" height=\"329\" srcset=\"https:\/\/catherinegoerner.com\/wp-content\/uploads\/2017\/11\/130850_hayao-miyazaki-castle-in-the-sky-studio-ghibli-1360x768-wallpaper_www.wall321.com_96.jpg 800w, https:\/\/catherinegoerner.com\/wp-content\/uploads\/2017\/11\/130850_hayao-miyazaki-castle-in-the-sky-studio-ghibli-1360x768-wallpaper_www.wall321.com_96-300x169.jpg 300w, https:\/\/catherinegoerner.com\/wp-content\/uploads\/2017\/11\/130850_hayao-miyazaki-castle-in-the-sky-studio-ghibli-1360x768-wallpaper_www.wall321.com_96-768x433.jpg 768w, https:\/\/catherinegoerner.com\/wp-content\/uploads\/2017\/11\/130850_hayao-miyazaki-castle-in-the-sky-studio-ghibli-1360x768-wallpaper_www.wall321.com_96-500x282.jpg 500w\" sizes=\"auto, (max-width: 584px) 100vw, 584px\" \/><\/a><\/p>\n<p>Waterstudio (Hollande)<a href=\"https:\/\/catherinegoerner.com\/wp-content\/uploads\/2017\/11\/http-2F2Fi.huffpost.com2Fgen2F20762822Fimages2Fn-ARBRE-GEANT-628x314.jpg\"><img loading=\"lazy\" decoding=\"async\" class=\"alignnone size-full wp-image-1373\" src=\"https:\/\/catherinegoerner.com\/wp-content\/uploads\/2017\/11\/http-2F2Fi.huffpost.com2Fgen2F20762822Fimages2Fn-ARBRE-GEANT-628x314.jpg\" alt=\"\" width=\"630\" height=\"315\" srcset=\"https:\/\/catherinegoerner.com\/wp-content\/uploads\/2017\/11\/http-2F2Fi.huffpost.com2Fgen2F20762822Fimages2Fn-ARBRE-GEANT-628x314.jpg 630w, https:\/\/catherinegoerner.com\/wp-content\/uploads\/2017\/11\/http-2F2Fi.huffpost.com2Fgen2F20762822Fimages2Fn-ARBRE-GEANT-628x314-300x150.jpg 300w, https:\/\/catherinegoerner.com\/wp-content\/uploads\/2017\/11\/http-2F2Fi.huffpost.com2Fgen2F20762822Fimages2Fn-ARBRE-GEANT-628x314-500x250.jpg 500w\" sizes=\"auto, (max-width: 630px) 100vw, 630px\" \/><\/a><\/p>\n<p>&nbsp;<\/p>\n<p>Et maintenant, \u00e0 vous de jouer! Sortez vos crayons, cherchez des id\u00e9es, notez et surtout: dessinez sans rel\u00e2che!<\/p>\n<p><strong>Bonne chance pour votre soumission! Que les meilleurs gagnent!<\/strong><\/p>\n","protected":false},"excerpt":{"rendered":"<p>Dans ce projet, vous utiliserez les notions du cours de Dessin de perspective. Tout particuli\u00e8rement, vous dessinerez une ville imagin\u00e9e par vous en vous servant des r\u00e8gles de la perspective: point(s) de fuite, lignes de fuite, etc. Si vous l&rsquo;avez &hellip; <a href=\"https:\/\/catherinegoerner.com\/?page_id=1364\">Continuer la lecture <span class=\"meta-nav\">&rarr;<\/span><\/a><\/p>\n","protected":false},"author":1,"featured_media":0,"parent":0,"menu_order":0,"comment_status":"closed","ping_status":"closed","template":"","meta":{"footnotes":""},"class_list":["post-1364","page","type-page","status-publish","hentry"],"_links":{"self":[{"href":"https:\/\/catherinegoerner.com\/index.php?rest_route=\/wp\/v2\/pages\/1364","targetHints":{"allow":["GET"]}}],"collection":[{"href":"https:\/\/catherinegoerner.com\/index.php?rest_route=\/wp\/v2\/pages"}],"about":[{"href":"https:\/\/catherinegoerner.com\/index.php?rest_route=\/wp\/v2\/types\/page"}],"author":[{"embeddable":true,"href":"https:\/\/catherinegoerner.com\/index.php?rest_route=\/wp\/v2\/users\/1"}],"replies":[{"embeddable":true,"href":"https:\/\/catherinegoerner.com\/index.php?rest_route=%2Fwp%2Fv2%2Fcomments&post=1364"}],"version-history":[{"count":8,"href":"https:\/\/catherinegoerner.com\/index.php?rest_route=\/wp\/v2\/pages\/1364\/revisions"}],"predecessor-version":[{"id":1381,"href":"https:\/\/catherinegoerner.com\/index.php?rest_route=\/wp\/v2\/pages\/1364\/revisions\/1381"}],"wp:attachment":[{"href":"https:\/\/catherinegoerner.com\/index.php?rest_route=%2Fwp%2Fv2%2Fmedia&parent=1364"}],"curies":[{"name":"wp","href":"https:\/\/api.w.org\/{rel}","templated":true}]}}