{"id":1263,"date":"2017-11-02T13:18:02","date_gmt":"2017-11-02T17:18:02","guid":{"rendered":"https:\/\/catherinegoerner.com\/?page_id=1263"},"modified":"2017-11-26T11:48:53","modified_gmt":"2017-11-26T16:48:53","slug":"projet-onomatopees","status":"publish","type":"page","link":"https:\/\/catherinegoerner.com\/?page_id=1263","title":{"rendered":"Projet Onomatop\u00e9es"},"content":{"rendered":"<p>Dans ce projet, vous verrez les notions suivantes:<\/p>\n<p><strong>Oeuvres et artistes:<\/strong><\/p>\n<p>Le <strong>Pop Art<\/strong> et un de ses artistes <strong>Roy Lichtenstein<\/strong> (oeuvre <em><strong>Whaam<\/strong>!<\/em>, 1963)<\/p>\n<div id=\"attachment_1265\" style=\"width: 594px\" class=\"wp-caption alignnone\"><a href=\"https:\/\/catherinegoerner.com\/wp-content\/uploads\/2017\/11\/Whaam.jpg\"><img loading=\"lazy\" decoding=\"async\" aria-describedby=\"caption-attachment-1265\" class=\"size-large wp-image-1265\" src=\"https:\/\/catherinegoerner.com\/wp-content\/uploads\/2017\/11\/Whaam-1024x441.jpg\" alt=\"\" width=\"584\" height=\"252\" srcset=\"https:\/\/catherinegoerner.com\/wp-content\/uploads\/2017\/11\/Whaam-1024x441.jpg 1024w, https:\/\/catherinegoerner.com\/wp-content\/uploads\/2017\/11\/Whaam-300x129.jpg 300w, https:\/\/catherinegoerner.com\/wp-content\/uploads\/2017\/11\/Whaam-768x331.jpg 768w, https:\/\/catherinegoerner.com\/wp-content\/uploads\/2017\/11\/Whaam-500x215.jpg 500w, https:\/\/catherinegoerner.com\/wp-content\/uploads\/2017\/11\/Whaam.jpg 1536w\" sizes=\"auto, (max-width: 584px) 100vw, 584px\" \/><\/a><p id=\"caption-attachment-1265\" class=\"wp-caption-text\">Whaam! 1963 Roy Lichtenstein 1923-1997<\/p><\/div>\n<p>La chanson <strong>Comic Strip<\/strong> de Serge Gainsbourg et Brigitte Bardot, r\u00e9alis\u00e9e en 1968<\/p>\n<p><iframe loading=\"lazy\" title=\"Comic Strip - Serge Gainsbourg\" width=\"584\" height=\"438\" src=\"https:\/\/www.youtube.com\/embed\/URr37OUyC6I?feature=oembed\" frameborder=\"0\" allow=\"accelerometer; autoplay; clipboard-write; encrypted-media; gyroscope; picture-in-picture; web-share\" referrerpolicy=\"strict-origin-when-cross-origin\" allowfullscreen><\/iframe><\/p>\n<p>La bande sonore <em><strong>Stripsody<\/strong><\/em>, r\u00e9alis\u00e9e par Cathy Berberian et illustr\u00e9e par Roberto Zamarin en 1966.\u00a0<a href=\"http:\/\/education-musicale.discip.ac-caen.fr\/IMG\/pdf\/stripsody.pdf\">http:\/\/education-musicale.discip.ac-caen.fr\/IMG\/pdf\/stripsody.pdf<\/a><\/p>\n<p><iframe loading=\"lazy\" title=\"Cathy Berberian | Stripsody\" width=\"584\" height=\"438\" src=\"https:\/\/www.youtube.com\/embed\/0dNLAhL46xM?feature=oembed\" frameborder=\"0\" allow=\"accelerometer; autoplay; clipboard-write; encrypted-media; gyroscope; picture-in-picture; web-share\" referrerpolicy=\"strict-origin-when-cross-origin\" allowfullscreen><\/iframe><\/p>\n<p><strong>Batman et Robin<\/strong>, sc\u00e8nes de bataille avec onomatop\u00e9es dans les ann\u00e9es 1960<\/p>\n<p><iframe loading=\"lazy\" title=\"Batman (1966): Fight Scenes-Season 2 (Pt 2)\" width=\"584\" height=\"438\" src=\"https:\/\/www.youtube.com\/embed\/9P2zcWju-rA?feature=oembed\" frameborder=\"0\" allow=\"accelerometer; autoplay; clipboard-write; encrypted-media; gyroscope; picture-in-picture; web-share\" referrerpolicy=\"strict-origin-when-cross-origin\" allowfullscreen><\/iframe><\/p>\n<p>&nbsp;<\/p>\n<p><em><strong>Qu&rsquo;est-ce qu&rsquo;est une onomatop\u00e9e?<\/strong><\/em><\/p>\n<p>Onomatop\u00e9e vient du Grec\u00a0<em>Onomatopia<\/em>, qui signifie &lt;&lt;cr\u00e9ation de mots&gt;&gt;. Ce sont des mots invent\u00e9s qui rappellent un son. Ces mots sont souvent utilis\u00e9s dans la bande dessin\u00e9e pour illustrer un son associ\u00e9 \u00e0: une action (Pow!), une exclamation (Waouh!) ou un bruit ambiant (blablabla). Ils ajoutent au r\u00e9cit une plus forte exp\u00e9rience sensorielle en nous immergeant dans l&rsquo;ambiance de l&rsquo;histoire avec les sons imagin\u00e9s.<\/p>\n<p><strong>Le Pop Art:<\/strong><\/p>\n<p>Issu du nom <em>Popular art<\/em> en anglais. Dans les ann\u00e9es 1960, des artistes se sont int\u00e9ress\u00e9s \u00e0 la culture populaire: cin\u00e9ma, musique, t\u00e9l\u00e9vision, publicit\u00e9, bande-dessin\u00e9e, actualit\u00e9, etc. Des artistes tels que <strong>Roy Lichtenstein<\/strong> ont utilis\u00e9 les codes de cette culture populaire dans leurs oeuvres. L&rsquo;oeuvre <em><strong>Whaam!<\/strong><\/em> (1963) de <strong>Roy Lichtenstein<\/strong> utilise le genre de la bande-dessin\u00e9e en illustrant un son et l&rsquo;esth\u00e9tique visuelle: contours noirs, aplats de couleurs, etc. Le mouvement du Pop Art est en r\u00e9action au mouvement de l&rsquo;<em>Expressionnisme abstrait<\/em> (<a href=\"https:\/\/www.guggenheim.org\/artwork\/3482\"><strong>Jackson Pollock<\/strong><\/a>) des ann\u00e9es 1950 qu&rsquo;il juge difficile \u00e0 comprendre pour le public. Le Pop Art se veut plus accessible pour les gens de leur \u00e9poque.<\/p>\n<p>&nbsp;<\/p>\n<p><strong>Exercices \u00e0 r\u00e9aliser en classe:<\/strong><\/p>\n<p>COURS 1: Introduction<\/p>\n<ol>\n<li>Observe et \u00e9coute le vid\u00e9oclip de <a href=\"https:\/\/www.youtube.com\/watch?v=URr37OUyC6I\"><strong>Comic Strip<\/strong><\/a> (S. Gainsbourg et B. Bardot) et note tous les sons entendus dans ton cahier.<\/li>\n<li>\u00a0Question: Pourquoi le chanteur S. Gainsbourg chante-t-il : <em>&lt;&lt;Viens petite fille faire des bulles?&gt;&gt;<\/em> \u00c0 quoi fait-il r\u00e9f\u00e9rence avec \u00a0\u00bbfaire des bulles\u00a0\u00bb?<\/li>\n<li>En \u00e9quipe, notez sur la m\u00eame page les <a href=\"https:\/\/fr.wikipedia.org\/wiki\/Onomatop%C3%A9e\"><strong>onomatop\u00e9es<\/strong><\/a> (sons) que vous connaissez.<\/li>\n<li>\u00c9coute la<a href=\"https:\/\/www.youtube.com\/watch?v=TyhQE_hdwVA\"><strong> Stripsody<\/strong> <\/a>de Cathy Berberian et remplis la partition ci-dessous avec les sons entendus. (Fiche PDF:\u00a0<a href=\"https:\/\/catherinegoerner.com\/wp-content\/uploads\/2017\/11\/Stripsody-partition-a\u0300-remplir.pdf\">Stripsody, partition a\u0300 remplir<\/a>\u00a0)<\/li>\n<\/ol>\n<p>COURS 2: Exploration<\/p>\n<ul>\n<li>Remplis une page avec le son (onomatop\u00e9e) choisi en l\u2019\u00e9crivant de toutes les fa\u00e7ons possibles. Utiliser des outils divers\u00a0: stylos, feutres, mine, crayons de bois, etc\u2026 tout ce que tu as dans ton coffre \u00e0 crayons.<\/li>\n<\/ul>\n<p><a href=\"https:\/\/catherinegoerner.com\/wp-content\/uploads\/2017\/11\/IMG_3786.jpg\"><img loading=\"lazy\" decoding=\"async\" class=\"alignnone size-large wp-image-1269\" src=\"https:\/\/catherinegoerner.com\/wp-content\/uploads\/2017\/11\/IMG_3786-768x1024.jpg\" alt=\"\" width=\"584\" height=\"779\" srcset=\"https:\/\/catherinegoerner.com\/wp-content\/uploads\/2017\/11\/IMG_3786-768x1024.jpg 768w, https:\/\/catherinegoerner.com\/wp-content\/uploads\/2017\/11\/IMG_3786-225x300.jpg 225w\" sizes=\"auto, (max-width: 584px) 100vw, 584px\" \/><\/a><\/p>\n<p>&nbsp;<\/p>\n<p>COURS 3: R\u00e9alisation du croquis<\/p>\n<ul>\n<li>Sur la page recto vis \u00e0 vis\u00a0: faire un plan pleine page de ton onomatop\u00e9e en l\u2019illustrant visuellement. Choisir sa version pr\u00e9f\u00e9r\u00e9e de la page pr\u00e9c\u00e9dente et l\u2019am\u00e9liorer, ajouter une image pour l\u2019illustrer par exemple. Travail \u00e0 la mine, puis aux crayons aquarelles.<\/li>\n<\/ul>\n<p><a href=\"https:\/\/catherinegoerner.com\/wp-content\/uploads\/2017\/11\/IMG_3792.jpg\"><img loading=\"lazy\" decoding=\"async\" class=\"alignnone size-large wp-image-1270\" src=\"https:\/\/catherinegoerner.com\/wp-content\/uploads\/2017\/11\/IMG_3792-1024x768.jpg\" alt=\"\" width=\"584\" height=\"438\" srcset=\"https:\/\/catherinegoerner.com\/wp-content\/uploads\/2017\/11\/IMG_3792-1024x768.jpg 1024w, https:\/\/catherinegoerner.com\/wp-content\/uploads\/2017\/11\/IMG_3792-300x225.jpg 300w, https:\/\/catherinegoerner.com\/wp-content\/uploads\/2017\/11\/IMG_3792-768x576.jpg 768w, https:\/\/catherinegoerner.com\/wp-content\/uploads\/2017\/11\/IMG_3792-400x300.jpg 400w\" sizes=\"auto, (max-width: 584px) 100vw, 584px\" \/><\/a><\/p>\n<p>COURS 4: M\u00e9lange des couleurs en peinture<\/p>\n<ul>\n<li>Feuille imprim\u00e9e sur un carton \u00e0 remplir avec les couleurs <strong>primaires et secondaires<\/strong>. Effectue tes m\u00e9langes en petites quantit\u00e9s, puis peint-les en <strong>aplat<\/strong> sur le carton.<\/li>\n<li>Fiche PDF: \u00e0 venir<\/li>\n<\/ul>\n<p>COURS 5-6: Peinture<\/p>\n<ul>\n<li>Peinture du projet final: R\u00e9alisation de l&rsquo;illustration de l&rsquo;onomatop\u00e9e \u00e0 partir du croquis pr\u00e9liminaire.<\/li>\n<li>R\u00e9alisation: dessiner les formes de ton croquis en s\u00e9parant les diff\u00e9rents plans: ce qui est plus en avant ou plus recul\u00e9. Les images doivent \u00eatre compl\u00e8tes (compl\u00e9ter la partie qu&rsquo;on ne voit pas comme la bulle sous le lettrage). Tu peux utiliser tu papier calque pour reproduire plus exactement ton croquis. Tout doit entrer sur un grand carton blanc. Peindre les couleurs de ton choix ensuite sans entrer dans le d\u00e9tail. Utiliser des aplats de couleur. Lorsque c&rsquo;est fait, tu peux venir ajouter du d\u00e9tail comme les points ou les contours noirs.<a href=\"https:\/\/catherinegoerner.com\/wp-content\/uploads\/2017\/11\/IMG_4056.jpg\"><img loading=\"lazy\" decoding=\"async\" class=\"alignnone wp-image-1448 size-large\" src=\"https:\/\/catherinegoerner.com\/wp-content\/uploads\/2017\/11\/IMG_4056-e1511714856756-768x1024.jpg\" alt=\"\" width=\"584\" height=\"779\" srcset=\"https:\/\/catherinegoerner.com\/wp-content\/uploads\/2017\/11\/IMG_4056-e1511714856756-768x1024.jpg 768w, https:\/\/catherinegoerner.com\/wp-content\/uploads\/2017\/11\/IMG_4056-e1511714856756-225x300.jpg 225w\" sizes=\"auto, (max-width: 584px) 100vw, 584px\" \/><\/a><\/li>\n<\/ul>\n<p>COURS 7-8: Assemblage<\/p>\n<ul>\n<li>D\u00e9couper tes formes termin\u00e9es (peinture, contours, etc.)<\/li>\n<li>Pr\u00e9parer des languettes de carton noir en accord\u00e9on pour coller sous tes formes. Cela servira \u00e0 maintenir les formes dans les airs. (Voir photos)<\/li>\n<li>Assembler le tout en respectant l&rsquo;ordre de tes plans sur un carton noir. Tester une fois en pla\u00e7ant les formes ensemble et en comparant avec ton croquis original.<\/li>\n<li>Coller les morceaux ensemble avec de la colle blanche. Bien maintenir les morceaux ensemble pendant le s\u00e9chage (1-2 minutes par morceau).<\/li>\n<li>Maintenant admire ton travail et celui de tes co\u00e9quipiers!<\/li>\n<\/ul>\n<p><a href=\"https:\/\/catherinegoerner.com\/wp-content\/uploads\/2017\/11\/IMG_4054.jpg\"><img loading=\"lazy\" decoding=\"async\" class=\"alignnone size-large wp-image-1446\" src=\"https:\/\/catherinegoerner.com\/wp-content\/uploads\/2017\/11\/IMG_4054-1024x768.jpg\" alt=\"\" width=\"584\" height=\"438\" srcset=\"https:\/\/catherinegoerner.com\/wp-content\/uploads\/2017\/11\/IMG_4054-1024x768.jpg 1024w, https:\/\/catherinegoerner.com\/wp-content\/uploads\/2017\/11\/IMG_4054-300x225.jpg 300w, https:\/\/catherinegoerner.com\/wp-content\/uploads\/2017\/11\/IMG_4054-768x576.jpg 768w, https:\/\/catherinegoerner.com\/wp-content\/uploads\/2017\/11\/IMG_4054-400x300.jpg 400w\" sizes=\"auto, (max-width: 584px) 100vw, 584px\" \/><\/a> <a href=\"https:\/\/catherinegoerner.com\/wp-content\/uploads\/2017\/11\/IMG_4048.jpg\"><img loading=\"lazy\" decoding=\"async\" class=\"alignnone size-large wp-image-1440\" src=\"https:\/\/catherinegoerner.com\/wp-content\/uploads\/2017\/11\/IMG_4048-1024x768.jpg\" alt=\"\" width=\"584\" height=\"438\" srcset=\"https:\/\/catherinegoerner.com\/wp-content\/uploads\/2017\/11\/IMG_4048-1024x768.jpg 1024w, https:\/\/catherinegoerner.com\/wp-content\/uploads\/2017\/11\/IMG_4048-300x225.jpg 300w, https:\/\/catherinegoerner.com\/wp-content\/uploads\/2017\/11\/IMG_4048-768x576.jpg 768w, https:\/\/catherinegoerner.com\/wp-content\/uploads\/2017\/11\/IMG_4048-400x300.jpg 400w\" sizes=\"auto, (max-width: 584px) 100vw, 584px\" \/><\/a><a href=\"https:\/\/catherinegoerner.com\/wp-content\/uploads\/2017\/11\/IMG_4049.jpg\"><img loading=\"lazy\" decoding=\"async\" class=\"alignnone size-large wp-image-1441\" src=\"https:\/\/catherinegoerner.com\/wp-content\/uploads\/2017\/11\/IMG_4049-1024x768.jpg\" alt=\"\" width=\"584\" height=\"438\" srcset=\"https:\/\/catherinegoerner.com\/wp-content\/uploads\/2017\/11\/IMG_4049-1024x768.jpg 1024w, https:\/\/catherinegoerner.com\/wp-content\/uploads\/2017\/11\/IMG_4049-300x225.jpg 300w, https:\/\/catherinegoerner.com\/wp-content\/uploads\/2017\/11\/IMG_4049-768x576.jpg 768w, https:\/\/catherinegoerner.com\/wp-content\/uploads\/2017\/11\/IMG_4049-400x300.jpg 400w\" sizes=\"auto, (max-width: 584px) 100vw, 584px\" \/><\/a><a href=\"https:\/\/catherinegoerner.com\/wp-content\/uploads\/2017\/11\/IMG_4051.jpg\"><img loading=\"lazy\" decoding=\"async\" class=\"alignnone size-large wp-image-1443\" src=\"https:\/\/catherinegoerner.com\/wp-content\/uploads\/2017\/11\/IMG_4051-1024x768.jpg\" alt=\"\" width=\"584\" height=\"438\" srcset=\"https:\/\/catherinegoerner.com\/wp-content\/uploads\/2017\/11\/IMG_4051-1024x768.jpg 1024w, https:\/\/catherinegoerner.com\/wp-content\/uploads\/2017\/11\/IMG_4051-300x225.jpg 300w, https:\/\/catherinegoerner.com\/wp-content\/uploads\/2017\/11\/IMG_4051-768x576.jpg 768w, https:\/\/catherinegoerner.com\/wp-content\/uploads\/2017\/11\/IMG_4051-400x300.jpg 400w\" sizes=\"auto, (max-width: 584px) 100vw, 584px\" \/><\/a><\/p>\n","protected":false},"excerpt":{"rendered":"<p>Dans ce projet, vous verrez les notions suivantes: Oeuvres et artistes: Le Pop Art et un de ses artistes Roy Lichtenstein (oeuvre Whaam!, 1963) La chanson Comic Strip de Serge Gainsbourg et Brigitte Bardot, r\u00e9alis\u00e9e en 1968 La bande sonore &hellip; <a href=\"https:\/\/catherinegoerner.com\/?page_id=1263\">Continuer la lecture <span class=\"meta-nav\">&rarr;<\/span><\/a><\/p>\n","protected":false},"author":1,"featured_media":0,"parent":0,"menu_order":0,"comment_status":"closed","ping_status":"closed","template":"","meta":{"footnotes":""},"class_list":["post-1263","page","type-page","status-publish","hentry"],"_links":{"self":[{"href":"https:\/\/catherinegoerner.com\/index.php?rest_route=\/wp\/v2\/pages\/1263","targetHints":{"allow":["GET"]}}],"collection":[{"href":"https:\/\/catherinegoerner.com\/index.php?rest_route=\/wp\/v2\/pages"}],"about":[{"href":"https:\/\/catherinegoerner.com\/index.php?rest_route=\/wp\/v2\/types\/page"}],"author":[{"embeddable":true,"href":"https:\/\/catherinegoerner.com\/index.php?rest_route=\/wp\/v2\/users\/1"}],"replies":[{"embeddable":true,"href":"https:\/\/catherinegoerner.com\/index.php?rest_route=%2Fwp%2Fv2%2Fcomments&post=1263"}],"version-history":[{"count":10,"href":"https:\/\/catherinegoerner.com\/index.php?rest_route=\/wp\/v2\/pages\/1263\/revisions"}],"predecessor-version":[{"id":1449,"href":"https:\/\/catherinegoerner.com\/index.php?rest_route=\/wp\/v2\/pages\/1263\/revisions\/1449"}],"wp:attachment":[{"href":"https:\/\/catherinegoerner.com\/index.php?rest_route=%2Fwp%2Fv2%2Fmedia&parent=1263"}],"curies":[{"name":"wp","href":"https:\/\/api.w.org\/{rel}","templated":true}]}}