{"id":1201,"date":"2017-10-12T20:06:10","date_gmt":"2017-10-13T00:06:10","guid":{"rendered":"https:\/\/catherinegoerner.com\/?page_id=1201"},"modified":"2017-10-12T20:25:14","modified_gmt":"2017-10-13T00:25:14","slug":"les-motifs-et-lorganisation-de-lespace-juxtaposition-enumeration-superposition","status":"publish","type":"page","link":"https:\/\/catherinegoerner.com\/?page_id=1201","title":{"rendered":"Les motifs et la texture"},"content":{"rendered":"<p><strong>Les motifs:<\/strong> R\u00e9p\u00e9tition d&rsquo;une forme ou d&rsquo;un assemblage de lignes dans un m\u00eame espace. Vous retrouvez les motifs sur les tissus des v\u00eatements que vous achetez, mais aussi dans la nature sur la peau des animaux comme la girafe.<\/p>\n<p><a href=\"https:\/\/catherinegoerner.com\/wp-content\/uploads\/2017\/10\/t-s-mickey1.jpeg\"><img loading=\"lazy\" decoding=\"async\" class=\"alignnone size-thumbnail wp-image-1219\" src=\"https:\/\/catherinegoerner.com\/wp-content\/uploads\/2017\/10\/t-s-mickey1-150x150.jpeg\" alt=\"t-s mickey\" width=\"150\" height=\"150\" \/><\/a><a href=\"https:\/\/catherinegoerner.com\/wp-content\/uploads\/2017\/10\/ts.jpg\"><img loading=\"lazy\" decoding=\"async\" class=\"alignnone size-thumbnail wp-image-1209\" src=\"https:\/\/catherinegoerner.com\/wp-content\/uploads\/2017\/10\/ts-150x150.jpg\" alt=\"ts\" width=\"150\" height=\"150\" srcset=\"https:\/\/catherinegoerner.com\/wp-content\/uploads\/2017\/10\/ts-150x150.jpg 150w, https:\/\/catherinegoerner.com\/wp-content\/uploads\/2017\/10\/ts-300x300.jpg 300w, https:\/\/catherinegoerner.com\/wp-content\/uploads\/2017\/10\/ts.jpg 427w\" sizes=\"auto, (max-width: 150px) 100vw, 150px\" \/><\/a><a href=\"https:\/\/catherinegoerner.com\/wp-content\/uploads\/2017\/10\/girafe.png\"><img loading=\"lazy\" decoding=\"async\" class=\"alignnone size-thumbnail wp-image-1206\" src=\"https:\/\/catherinegoerner.com\/wp-content\/uploads\/2017\/10\/girafe-150x150.png\" alt=\"girafe\" width=\"150\" height=\"150\" \/><\/a><\/p>\n<p><strong>La diff\u00e9rence entre un motif et une texture:<\/strong><\/p>\n<p>Le <strong>motif<\/strong> ne poss\u00e8de pas de relief, il est normalement g\u00e9n\u00e9ralement r\u00e9gulier et r\u00e9p\u00e9titif alors que la <strong>texture<\/strong> se sent au toucher et peut \u00eatre irr\u00e9guli\u00e8re. On la retrouve \u00e9galement dans la nature et dans les mat\u00e9riaux.\u00a0Par exemple, un z\u00e8bre poss\u00e8de un <span style=\"text-decoration: underline;\">motif de z\u00e9brures<\/span> et une <span style=\"text-decoration: underline;\">texture de poils<\/span>. On\u00a0peut se servir du dessin pour repr\u00e9senter une texture.<\/p>\n<p><a href=\"https:\/\/catherinegoerner.com\/wp-content\/uploads\/2017\/10\/pourquoi-zebre.jpg\"><img loading=\"lazy\" decoding=\"async\" class=\"alignnone size-thumbnail wp-image-1205\" src=\"https:\/\/catherinegoerner.com\/wp-content\/uploads\/2017\/10\/pourquoi-zebre-150x150.jpg\" alt=\"Burchell's Zebra in Africa\" width=\"150\" height=\"150\" \/><\/a><a href=\"https:\/\/catherinegoerner.com\/wp-content\/uploads\/2017\/10\/fourrure.jpg\"><img loading=\"lazy\" decoding=\"async\" class=\"alignnone size-thumbnail wp-image-1207\" src=\"https:\/\/catherinegoerner.com\/wp-content\/uploads\/2017\/10\/fourrure-150x150.jpg\" alt=\"fourrure\" width=\"150\" height=\"150\" \/><\/a><a href=\"https:\/\/catherinegoerner.com\/wp-content\/uploads\/2017\/10\/chat.jpg\"><img loading=\"lazy\" decoding=\"async\" class=\"alignnone size-thumbnail wp-image-1213\" src=\"https:\/\/catherinegoerner.com\/wp-content\/uploads\/2017\/10\/chat-150x150.jpg\" alt=\"chat\" width=\"150\" height=\"150\" srcset=\"https:\/\/catherinegoerner.com\/wp-content\/uploads\/2017\/10\/chat-150x150.jpg 150w, https:\/\/catherinegoerner.com\/wp-content\/uploads\/2017\/10\/chat.jpg 300w\" sizes=\"auto, (max-width: 150px) 100vw, 150px\" \/><\/a><\/p>\n<p>&nbsp;<\/p>\n<p><strong>Exercice dans le cahier:<\/strong> Diviser la page en 15 \u00e0 20 sections et les remplir de motifs connus ou invent\u00e9s.<\/p>\n<p><a href=\"https:\/\/catherinegoerner.com\/wp-content\/uploads\/2017\/10\/IMG_3629.jpg\"><img loading=\"lazy\" decoding=\"async\" class=\"alignnone size-full wp-image-1160\" src=\"https:\/\/catherinegoerner.com\/wp-content\/uploads\/2017\/10\/IMG_3629.jpg\" alt=\"IMG_3629\" width=\"2448\" height=\"3264\" srcset=\"https:\/\/catherinegoerner.com\/wp-content\/uploads\/2017\/10\/IMG_3629.jpg 2448w, https:\/\/catherinegoerner.com\/wp-content\/uploads\/2017\/10\/IMG_3629-225x300.jpg 225w, https:\/\/catherinegoerner.com\/wp-content\/uploads\/2017\/10\/IMG_3629-768x1024.jpg 768w\" sizes=\"auto, (max-width: 2448px) 100vw, 2448px\" \/><\/a><\/p>\n<p>Autre id\u00e9e de projet:<\/p>\n<p><a href=\"https:\/\/catherinegoerner.com\/wp-content\/uploads\/2017\/10\/9067cdcc755cee3344c8bda64999ed47-1.jpg\"><img loading=\"lazy\" decoding=\"async\" class=\"alignnone size-full wp-image-1215\" src=\"https:\/\/catherinegoerner.com\/wp-content\/uploads\/2017\/10\/9067cdcc755cee3344c8bda64999ed47-1.jpg\" alt=\"9067cdcc755cee3344c8bda64999ed47 (1)\" width=\"564\" height=\"841\" srcset=\"https:\/\/catherinegoerner.com\/wp-content\/uploads\/2017\/10\/9067cdcc755cee3344c8bda64999ed47-1.jpg 564w, https:\/\/catherinegoerner.com\/wp-content\/uploads\/2017\/10\/9067cdcc755cee3344c8bda64999ed47-1-201x300.jpg 201w\" sizes=\"auto, (max-width: 564px) 100vw, 564px\" \/><\/a><\/p>\n<p>&nbsp;<\/p>\n","protected":false},"excerpt":{"rendered":"<p>Les motifs: R\u00e9p\u00e9tition d&rsquo;une forme ou d&rsquo;un assemblage de lignes dans un m\u00eame espace. Vous retrouvez les motifs sur les tissus des v\u00eatements que vous achetez, mais aussi dans la nature sur la peau des animaux comme la girafe. La &hellip; <a href=\"https:\/\/catherinegoerner.com\/?page_id=1201\">Continuer la lecture <span class=\"meta-nav\">&rarr;<\/span><\/a><\/p>\n","protected":false},"author":1,"featured_media":0,"parent":0,"menu_order":0,"comment_status":"open","ping_status":"open","template":"","meta":{"footnotes":""},"class_list":["post-1201","page","type-page","status-publish","hentry"],"_links":{"self":[{"href":"https:\/\/catherinegoerner.com\/index.php?rest_route=\/wp\/v2\/pages\/1201","targetHints":{"allow":["GET"]}}],"collection":[{"href":"https:\/\/catherinegoerner.com\/index.php?rest_route=\/wp\/v2\/pages"}],"about":[{"href":"https:\/\/catherinegoerner.com\/index.php?rest_route=\/wp\/v2\/types\/page"}],"author":[{"embeddable":true,"href":"https:\/\/catherinegoerner.com\/index.php?rest_route=\/wp\/v2\/users\/1"}],"replies":[{"embeddable":true,"href":"https:\/\/catherinegoerner.com\/index.php?rest_route=%2Fwp%2Fv2%2Fcomments&post=1201"}],"version-history":[{"count":4,"href":"https:\/\/catherinegoerner.com\/index.php?rest_route=\/wp\/v2\/pages\/1201\/revisions"}],"predecessor-version":[{"id":1221,"href":"https:\/\/catherinegoerner.com\/index.php?rest_route=\/wp\/v2\/pages\/1201\/revisions\/1221"}],"wp:attachment":[{"href":"https:\/\/catherinegoerner.com\/index.php?rest_route=%2Fwp%2Fv2%2Fmedia&parent=1201"}],"curies":[{"name":"wp","href":"https:\/\/api.w.org\/{rel}","templated":true}]}}