{"id":1187,"date":"2017-10-12T19:39:20","date_gmt":"2017-10-12T23:39:20","guid":{"rendered":"https:\/\/catherinegoerner.com\/?page_id=1187"},"modified":"2017-10-12T20:00:57","modified_gmt":"2017-10-13T00:00:57","slug":"les-contrastes-et-lespace-positif-negatif","status":"publish","type":"page","link":"https:\/\/catherinegoerner.com\/?page_id=1187","title":{"rendered":"Les contrastes et l&rsquo;espace Positif-N\u00e9gatif"},"content":{"rendered":"<p><strong>Le positif et le n\u00e9gatif en dessin:<\/strong><\/p>\n<p><span style=\"text-decoration: underline;\">L&rsquo;espace n\u00e9gatif<\/span>\u00a0se situe autour du sujet principal, par exemple dans un portrait, l&rsquo;arri\u00e8re-plan peut \u00eatre appel\u00e9 l&rsquo;espace n\u00e9gatif. C&rsquo;est le vide autour du sujet. Voici quelques exemples:<\/p>\n\n\t\t<style type=\"text\/css\">\n\t\t\t#gallery-1 {\n\t\t\t\tmargin: auto;\n\t\t\t}\n\t\t\t#gallery-1 .gallery-item {\n\t\t\t\tfloat: left;\n\t\t\t\tmargin-top: 10px;\n\t\t\t\ttext-align: center;\n\t\t\t\twidth: 33%;\n\t\t\t}\n\t\t\t#gallery-1 img {\n\t\t\t\tborder: 2px solid #cfcfcf;\n\t\t\t}\n\t\t\t#gallery-1 .gallery-caption {\n\t\t\t\tmargin-left: 0;\n\t\t\t}\n\t\t\t\/* see gallery_shortcode() in wp-includes\/media.php *\/\n\t\t<\/style>\n\t\t<div id='gallery-1' class='gallery galleryid-1187 gallery-columns-3 gallery-size-thumbnail'><dl class='gallery-item'>\n\t\t\t<dt class='gallery-icon landscape'>\n\t\t\t\t<a href='https:\/\/catherinegoerner.com\/?attachment_id=1047'><img loading=\"lazy\" decoding=\"async\" width=\"150\" height=\"150\" src=\"https:\/\/catherinegoerner.com\/wp-content\/uploads\/2017\/09\/espace-ne\u0301gatif2-150x150.jpg\" class=\"attachment-thumbnail size-thumbnail\" alt=\"\" \/><\/a>\n\t\t\t<\/dt><\/dl><dl class='gallery-item'>\n\t\t\t<dt class='gallery-icon portrait'>\n\t\t\t\t<a href='https:\/\/catherinegoerner.com\/?attachment_id=1048'><img loading=\"lazy\" decoding=\"async\" width=\"150\" height=\"150\" src=\"https:\/\/catherinegoerner.com\/wp-content\/uploads\/2017\/09\/Espace-ne\u0301gatif-150x150.jpg\" class=\"attachment-thumbnail size-thumbnail\" alt=\"\" \/><\/a>\n\t\t\t<\/dt><\/dl><dl class='gallery-item'>\n\t\t\t<dt class='gallery-icon portrait'>\n\t\t\t\t<a href='https:\/\/catherinegoerner.com\/?attachment_id=1049'><img loading=\"lazy\" decoding=\"async\" width=\"150\" height=\"150\" src=\"https:\/\/catherinegoerner.com\/wp-content\/uploads\/2017\/09\/vase-cerveau-droit-150x150.jpg\" class=\"attachment-thumbnail size-thumbnail\" alt=\"\" \/><\/a>\n\t\t\t<\/dt><\/dl><br style=\"clear: both\" \/>\n\t\t<\/div>\n\n<p><span style=\"text-decoration: underline;\">L&rsquo;espace positif<\/span>\u00a0se compose principalement du sujet central, par exemple la\u00a0personne au centre d&rsquo;un portrait ou les \u00e9l\u00e9ments d&rsquo;une nature-morte. En voici quelques exemples:<\/p>\n\n\t\t<style type=\"text\/css\">\n\t\t\t#gallery-2 {\n\t\t\t\tmargin: auto;\n\t\t\t}\n\t\t\t#gallery-2 .gallery-item {\n\t\t\t\tfloat: left;\n\t\t\t\tmargin-top: 10px;\n\t\t\t\ttext-align: center;\n\t\t\t\twidth: 33%;\n\t\t\t}\n\t\t\t#gallery-2 img {\n\t\t\t\tborder: 2px solid #cfcfcf;\n\t\t\t}\n\t\t\t#gallery-2 .gallery-caption {\n\t\t\t\tmargin-left: 0;\n\t\t\t}\n\t\t\t\/* see gallery_shortcode() in wp-includes\/media.php *\/\n\t\t<\/style>\n\t\t<div id='gallery-2' class='gallery galleryid-1187 gallery-columns-3 gallery-size-thumbnail'><dl class='gallery-item'>\n\t\t\t<dt class='gallery-icon landscape'>\n\t\t\t\t<a href='https:\/\/catherinegoerner.com\/?attachment_id=1051'><img loading=\"lazy\" decoding=\"async\" width=\"150\" height=\"150\" src=\"https:\/\/catherinegoerner.com\/wp-content\/uploads\/2017\/09\/Chevreuil-150x150.jpg\" class=\"attachment-thumbnail size-thumbnail\" alt=\"\" \/><\/a>\n\t\t\t<\/dt><\/dl><dl class='gallery-item'>\n\t\t\t<dt class='gallery-icon landscape'>\n\t\t\t\t<a href='https:\/\/catherinegoerner.com\/?attachment_id=1052'><img loading=\"lazy\" decoding=\"async\" width=\"150\" height=\"150\" src=\"https:\/\/catherinegoerner.com\/wp-content\/uploads\/2017\/09\/positif-150x150.jpg\" class=\"attachment-thumbnail size-thumbnail\" alt=\"\" \/><\/a>\n\t\t\t<\/dt><\/dl><dl class='gallery-item'>\n\t\t\t<dt class='gallery-icon landscape'>\n\t\t\t\t<a href='https:\/\/catherinegoerner.com\/?attachment_id=1053'><img loading=\"lazy\" decoding=\"async\" width=\"150\" height=\"150\" src=\"https:\/\/catherinegoerner.com\/wp-content\/uploads\/2017\/09\/2ble-sens-150x150.png\" class=\"attachment-thumbnail size-thumbnail\" alt=\"\" \/><\/a>\n\t\t\t<\/dt><\/dl><br style=\"clear: both\" \/>\n\t\t<\/div>\n\n<p>&nbsp;<\/p>\n<p>L&rsquo;artiste\u00a0<span style=\"text-decoration: underline;\">M. C. ESCHER<\/span>\u00a0(1898 \u00e0 1972) explore la mince ligne entre le positif et le n\u00e9gatif dans\u00a0<strong>Jour et Nuit.\u00a0<\/strong><em>Pouvez-vous distinguer le jour de la nuit dans cette oeuvre?<\/em><\/p>\n<p><a href=\"https:\/\/catherinegoerner.com\/wp-content\/uploads\/2017\/09\/Jour-et-nuit.jpg\"><img loading=\"lazy\" decoding=\"async\" class=\"alignnone size-large wp-image-1058\" src=\"https:\/\/catherinegoerner.com\/wp-content\/uploads\/2017\/09\/Jour-et-nuit-1024x622.jpg\" alt=\"Jour et nuit\" width=\"584\" height=\"355\" srcset=\"https:\/\/catherinegoerner.com\/wp-content\/uploads\/2017\/09\/Jour-et-nuit-1024x622.jpg 1024w, https:\/\/catherinegoerner.com\/wp-content\/uploads\/2017\/09\/Jour-et-nuit-300x182.jpg 300w, https:\/\/catherinegoerner.com\/wp-content\/uploads\/2017\/09\/Jour-et-nuit-494x300.jpg 494w, https:\/\/catherinegoerner.com\/wp-content\/uploads\/2017\/09\/Jour-et-nuit.jpg 1100w\" sizes=\"auto, (max-width: 584px) 100vw, 584px\" \/><\/a><\/p>\n<p>&nbsp;<\/p>\n<p><strong>Exercice dans le cahier:\u00a0<\/strong><\/p>\n<p>Coller\u00a0l&rsquo;image \u00e0 double sens: le vase ou les profils? Tracer deux rectangles de m\u00eame format, plus grands, sur le reste de la page. Observer l&rsquo;espace n\u00e9gatif (vide, le vase) et le retracer dans le premier rectangle en noircissant cet espace. Faire la m\u00eame chose avec l&rsquo;espace positif (les deux profils) dans le deuxi\u00e8me rectangle.<\/p>\n<p><a href=\"https:\/\/catherinegoerner.com\/wp-content\/uploads\/2017\/10\/IMG_3632.jpg\"><img loading=\"lazy\" decoding=\"async\" class=\"alignnone size-full wp-image-1163\" src=\"https:\/\/catherinegoerner.com\/wp-content\/uploads\/2017\/10\/IMG_3632.jpg\" alt=\"IMG_3632\" width=\"2448\" height=\"3264\" srcset=\"https:\/\/catherinegoerner.com\/wp-content\/uploads\/2017\/10\/IMG_3632.jpg 2448w, https:\/\/catherinegoerner.com\/wp-content\/uploads\/2017\/10\/IMG_3632-225x300.jpg 225w, https:\/\/catherinegoerner.com\/wp-content\/uploads\/2017\/10\/IMG_3632-768x1024.jpg 768w\" sizes=\"auto, (max-width: 2448px) 100vw, 2448px\" \/><\/a><\/p>\n<p>&nbsp;<\/p>\n<p><strong>Pour en savoir plus, voici quelques liens:<\/strong><\/p>\n<p><a href=\"http:\/\/enrichirsonsavoir.com\/dessin\/espaces.html\">http:\/\/enrichirsonsavoir.com\/dessin\/espaces.html<\/a><\/p>\n<p><a href=\"http:\/\/cybermuse.gallery.ca\/cybermuse\/teachers\/plans\/gloss_f.jsp?lessonid=304\">http:\/\/cybermuse.gallery.ca\/cybermuse\/teachers\/plans\/gloss_f.jsp?lessonid=304<\/a><\/p>\n<p><a href=\"http:\/\/mcescher.frloup.com\/oe_jour_et_nuit.php\">http:\/\/mcescher.frloup.com\/oe_jour_et_nuit.php<\/a><\/p>\n<p><a href=\"https:\/\/fr.wikipedia.org\/wiki\/Maurits_Cornelis_Escher\">https:\/\/fr.wikipedia.org\/wiki\/Maurits_Cornelis_Escher<\/a><\/p>\n<p>&nbsp;<\/p>\n","protected":false},"excerpt":{"rendered":"<p>Le positif et le n\u00e9gatif en dessin: L&rsquo;espace n\u00e9gatif\u00a0se situe autour du sujet principal, par exemple dans un portrait, l&rsquo;arri\u00e8re-plan peut \u00eatre appel\u00e9 l&rsquo;espace n\u00e9gatif. C&rsquo;est le vide autour du sujet. Voici quelques exemples: L&rsquo;espace positif\u00a0se compose principalement du sujet &hellip; <a href=\"https:\/\/catherinegoerner.com\/?page_id=1187\">Continuer la lecture <span class=\"meta-nav\">&rarr;<\/span><\/a><\/p>\n","protected":false},"author":1,"featured_media":0,"parent":0,"menu_order":0,"comment_status":"open","ping_status":"open","template":"","meta":{"footnotes":""},"class_list":["post-1187","page","type-page","status-publish","hentry"],"_links":{"self":[{"href":"https:\/\/catherinegoerner.com\/index.php?rest_route=\/wp\/v2\/pages\/1187","targetHints":{"allow":["GET"]}}],"collection":[{"href":"https:\/\/catherinegoerner.com\/index.php?rest_route=\/wp\/v2\/pages"}],"about":[{"href":"https:\/\/catherinegoerner.com\/index.php?rest_route=\/wp\/v2\/types\/page"}],"author":[{"embeddable":true,"href":"https:\/\/catherinegoerner.com\/index.php?rest_route=\/wp\/v2\/users\/1"}],"replies":[{"embeddable":true,"href":"https:\/\/catherinegoerner.com\/index.php?rest_route=%2Fwp%2Fv2%2Fcomments&post=1187"}],"version-history":[{"count":3,"href":"https:\/\/catherinegoerner.com\/index.php?rest_route=\/wp\/v2\/pages\/1187\/revisions"}],"predecessor-version":[{"id":1200,"href":"https:\/\/catherinegoerner.com\/index.php?rest_route=\/wp\/v2\/pages\/1187\/revisions\/1200"}],"wp:attachment":[{"href":"https:\/\/catherinegoerner.com\/index.php?rest_route=%2Fwp%2Fv2%2Fmedia&parent=1187"}],"curies":[{"name":"wp","href":"https:\/\/api.w.org\/{rel}","templated":true}]}}