{"id":1124,"date":"2017-10-12T19:13:14","date_gmt":"2017-10-12T23:13:14","guid":{"rendered":"https:\/\/catherinegoerner.com\/?page_id=1124"},"modified":"2017-10-12T21:20:46","modified_gmt":"2017-10-13T01:20:46","slug":"les-valeurs-de-gris-et-la-couleur","status":"publish","type":"page","link":"https:\/\/catherinegoerner.com\/?page_id=1124","title":{"rendered":"Les valeurs de gris et la couleur"},"content":{"rendered":"<p><strong>Les valeurs de gris:<\/strong><\/p>\n<p>Ce sont diff\u00e9rents tons allant du blanc (clair) au noir (obscur) en passant par une vari\u00e9t\u00e9 infinie de gris p\u00e2les, moyens aux gris les plus fonc\u00e9s. Vous pouvez facilement en cr\u00e9er plusieurs avec la mine de votre crayon, en noircissant l\u00e9g\u00e8rement ou en appuyant plus fortement sur un papier blanc. Il existe \u00e9galement diff\u00e9rentes sortes de mines graphites. La mine de votre crayon \u00e0 dessin est en fait un minerai br\u00fbl\u00e9 \u00e0 une temp\u00e9rature qui lui donne sa qualit\u00e9. Il existe diff\u00e9rentes cat\u00e9gories de graphite, vous pouvez habituellement la lire sur le bout de votre crayon: H, HB, B. Ces lettres d\u00e9signent la duret\u00e9 (H) la tendret\u00e9 (B) de la mine. Une mine H sera plus dure et s\u00e8che qu&rsquo;une mine B, plus grasse et molle, donc plus fonc\u00e9e. Votre crayon mine habituel est une mine HB, un juste milieu entre les deux.<\/p>\n<p><a href=\"https:\/\/catherinegoerner.com\/wp-content\/uploads\/2017\/10\/Capture-d\u2019e\u0301cran-2017-10-01-a\u0300-15.45.33.png\"><img loading=\"lazy\" decoding=\"async\" class=\"alignnone size-full wp-image-1172\" src=\"https:\/\/catherinegoerner.com\/wp-content\/uploads\/2017\/10\/Capture-d\u2019e\u0301cran-2017-10-01-a\u0300-15.45.33.png\" alt=\"Capture d\u2019e\u0301cran 2017-10-01 a\u0300 15.45.33\" width=\"705\" height=\"171\" srcset=\"https:\/\/catherinegoerner.com\/wp-content\/uploads\/2017\/10\/Capture-d\u2019e\u0301cran-2017-10-01-a\u0300-15.45.33.png 705w, https:\/\/catherinegoerner.com\/wp-content\/uploads\/2017\/10\/Capture-d\u2019e\u0301cran-2017-10-01-a\u0300-15.45.33-300x73.png 300w, https:\/\/catherinegoerner.com\/wp-content\/uploads\/2017\/10\/Capture-d\u2019e\u0301cran-2017-10-01-a\u0300-15.45.33-500x121.png 500w\" sizes=\"auto, (max-width: 705px) 100vw, 705px\" \/><\/a><\/p>\n<p>Source:\u00a0https:\/\/fr.wikipedia.org\/wiki\/Crayon<\/p>\n<p><strong>Les valeurs de ton en couleur:<\/strong><\/p>\n<p>Les tons clairs et les tons obscurs peuvent aussi \u00eatre obtenus avec le m\u00e9lange des couleurs. Certaines couleurs sont tr\u00e8s p\u00e2les, comme le jaune, et d&rsquo;autres tr\u00e8s fonc\u00e9es, tel le violet. Lorsque l&rsquo;on photocopie un document couleur en noir et blanc,\u00a0nous pouvons observer la conversion des couleurs en valeurs de gris. Il est donc aussi possible de parler de valeurs claires et obscures pour la couleur, mais nous utiliserons plus fr\u00e9quemment le terme: ton clair (p\u00e2le, lumi\u00e8re) ou ton obscur (fonc\u00e9, ombre).<\/p>\n<p><strong>Les ombres et la lumi\u00e8re:<\/strong><\/p>\n<p>Les valeurs de gris sont utilis\u00e9s pour cr\u00e9er des zones de lumi\u00e8re et d&rsquo;ombres. Lorsqu&rsquo;il y a pr\u00e9sence de zones d&rsquo;ombre et de lumi\u00e8re, il y a \u00e9galement la pr\u00e9sence de <strong>volumes<\/strong>. Les valeurs de gris servent donc aussi \u00e0 cr\u00e9er des volumes en dessin. Sans valeurs de gris, il est \u00e9galement possible de cr\u00e9er des zones d&rsquo;ombres et de lumi\u00e8re avec seulement le noir et le blanc, mais nous\u00a0percevrons moins les volumes et plut\u00f4t une image en 2 dimensions.<\/p>\n<p>Les volumes sont dessin\u00e9s avec leurs ombrages et l&rsquo;intensit\u00e9 de la lumi\u00e8re \u00e0 l&rsquo;aide des valeurs de gris. Ici, l&rsquo;artiste a <strong>estomp\u00e9<\/strong> ses traits de crayons sur sa feuille pour adoucir ses d\u00e9grad\u00e9s.<\/p>\n<p><a href=\"https:\/\/catherinegoerner.com\/wp-content\/uploads\/2017\/10\/3-volumes-simples.jpg\"><img loading=\"lazy\" decoding=\"async\" class=\"alignnone size-full wp-image-1177\" src=\"https:\/\/catherinegoerner.com\/wp-content\/uploads\/2017\/10\/3-volumes-simples.jpg\" alt=\"3-volumes-simples\" width=\"2000\" height=\"1309\" srcset=\"https:\/\/catherinegoerner.com\/wp-content\/uploads\/2017\/10\/3-volumes-simples.jpg 2000w, https:\/\/catherinegoerner.com\/wp-content\/uploads\/2017\/10\/3-volumes-simples-300x196.jpg 300w, https:\/\/catherinegoerner.com\/wp-content\/uploads\/2017\/10\/3-volumes-simples-1024x670.jpg 1024w, https:\/\/catherinegoerner.com\/wp-content\/uploads\/2017\/10\/3-volumes-simples-458x300.jpg 458w\" sizes=\"auto, (max-width: 2000px) 100vw, 2000px\" \/><\/a><\/p>\n<p>Ci-dessous, l&rsquo;artiste <strong>Pablo Picasso<\/strong> a peint son c\u00e9l\u00e8bre tableau <em>Guernica<\/em> en diff\u00e9rents tons de gris. Il n&rsquo;a pourtant pas cr\u00e9\u00e9 de volumes. Il est donc possible d&rsquo;utiliser\u00a0diff\u00e9rentes\u00a0valeurs de gris sans repr\u00e9senter de volumes.<\/p>\n<p>&nbsp;<\/p>\n<p>&nbsp;<\/p>\n<p><a href=\"https:\/\/catherinegoerner.com\/wp-content\/uploads\/2017\/10\/guernica-tableau-ok.jpg\"><img loading=\"lazy\" decoding=\"async\" class=\"alignnone size-full wp-image-1178\" src=\"https:\/\/catherinegoerner.com\/wp-content\/uploads\/2017\/10\/guernica-tableau-ok.jpg\" alt=\"guernica-tableau-ok\" width=\"1101\" height=\"501\" srcset=\"https:\/\/catherinegoerner.com\/wp-content\/uploads\/2017\/10\/guernica-tableau-ok.jpg 1101w, https:\/\/catherinegoerner.com\/wp-content\/uploads\/2017\/10\/guernica-tableau-ok-300x137.jpg 300w, https:\/\/catherinegoerner.com\/wp-content\/uploads\/2017\/10\/guernica-tableau-ok-1024x466.jpg 1024w, https:\/\/catherinegoerner.com\/wp-content\/uploads\/2017\/10\/guernica-tableau-ok-500x228.jpg 500w\" sizes=\"auto, (max-width: 1101px) 100vw, 1101px\" \/><\/a><\/p>\n<p>L&rsquo;artiste de rue <strong>Banksy<\/strong> n&rsquo;utilise pas les valeurs de gris dans ses graffitis r\u00e9alis\u00e9s au pochoir.<\/p>\n<p>&nbsp;<\/p>\n<p><a href=\"https:\/\/catherinegoerner.com\/wp-content\/uploads\/2017\/10\/1501069393-banksy.jpg\"><img loading=\"lazy\" decoding=\"async\" class=\"alignnone size-full wp-image-1179\" src=\"https:\/\/catherinegoerner.com\/wp-content\/uploads\/2017\/10\/1501069393-banksy.jpg\" alt=\"1501069393-banksy\" width=\"580\" height=\"387\" srcset=\"https:\/\/catherinegoerner.com\/wp-content\/uploads\/2017\/10\/1501069393-banksy.jpg 580w, https:\/\/catherinegoerner.com\/wp-content\/uploads\/2017\/10\/1501069393-banksy-300x200.jpg 300w, https:\/\/catherinegoerner.com\/wp-content\/uploads\/2017\/10\/1501069393-banksy-450x300.jpg 450w\" sizes=\"auto, (max-width: 580px) 100vw, 580px\" \/><\/a><\/p>\n<p><strong><span style=\"text-decoration: underline;\">Quelques exercices pour pratiquer ces notions:<\/span><\/strong><\/p>\n<p><strong>1: Les valeurs de gris et la texture au crayon mine:\u00a0Loup \u00e0 compl\u00e9ter<\/strong><\/p>\n<p>1- Remplir les cases avec le gris correspondant en noircissant avec la mine.<\/p>\n<p>2- Compl\u00e9ter le loup en tra\u00e7ant \u00e0 main lev\u00e9e ses contours et en faisant correspondre les bonnes valeurs de gris.<\/p>\n<p>PLUS: Utilise \u00e9galement la texture des poils (courts traits hachur\u00e9s de crayon) pour remplir les espaces.<\/p>\n<p><a href=\"https:\/\/catherinegoerner.com\/wp-content\/uploads\/2017\/10\/IMG_3640-e1507849914900.jpg\"><img loading=\"lazy\" decoding=\"async\" class=\"alignnone size-full wp-image-1171\" src=\"https:\/\/catherinegoerner.com\/wp-content\/uploads\/2017\/10\/IMG_3640-e1507849914900.jpg\" alt=\"IMG_3640\" width=\"2448\" height=\"3264\" srcset=\"https:\/\/catherinegoerner.com\/wp-content\/uploads\/2017\/10\/IMG_3640-e1507849914900.jpg 2448w, https:\/\/catherinegoerner.com\/wp-content\/uploads\/2017\/10\/IMG_3640-e1507849914900-225x300.jpg 225w, https:\/\/catherinegoerner.com\/wp-content\/uploads\/2017\/10\/IMG_3640-e1507849914900-768x1024.jpg 768w\" sizes=\"auto, (max-width: 2448px) 100vw, 2448px\" \/><\/a><\/p>\n<p><strong>2: \u00c0 FAIRE DANS LE CAHIER:<\/strong><\/p>\n<p>1- R\u00e9alisez <strong>un d\u00e9grad\u00e9 de blanc \u00e0 noir en utilisant vos crayons HB et 4B<\/strong>. Appuyez plus fort et repassez plus souvent en croisant vos traits de crayons pour le noir. Estompez (frotter avec un mouchoir ou son doigt) pour adoucir le d\u00e9grad\u00e9. On doit voir vos traits de crayon le moins possible.<\/p>\n<p>2- <strong>Refaites l&rsquo;exercice avec vos crayons de couleur (bois) maintenant<\/strong>. <span style=\"text-decoration: underline;\">Faites correspondre les endroits les plus clairs \u00e0 vos couleurs les plus claires et la m\u00eame chose pour les tons les plus fonc\u00e9s.<\/span> Appuyez fort sur vos crayons et croisez vos traits pour ne pas voir vos\u00a0coups de crayons. On ne peut pas estomper la couleur ici, il faut m\u00e9langer les couleurs sur le papier en superposant nos couches de couleur. N&rsquo;utilisez id\u00e9alement QUE les couleurs primaires: jaune, rouge et bleu (votre crayon le plus fonc\u00e9).<\/p>\n<p>3- Exercice de contr\u00f4le de vos connaissances maintenant!<\/p>\n<p>a) S\u00e9parer le reste de la feuille en 4 cases \u00e9gales.<\/p>\n<p>b) Dans la premi\u00e8re case, tracer une composition abstraite de formes (rester simple)<\/p>\n<p>c) R\u00e9p\u00e9ter votre composition en sym\u00e9trie (miroir) dans les 3 autres cases: \u00e0 droite l&rsquo;image est invers\u00e9e \u00e0 l&rsquo;horizontale, au bas dans le sens de la verticale et en bas \u00e0 droite elle est invers\u00e9e \u00e0 l&rsquo;horizontale et \u00e0 la verticale. Observez bien l&rsquo;image ci-dessous.<\/p>\n<p>d) Maintenant, remplir deux cases dans des valeurs de gris oppos\u00e9es (positif en haut, n\u00e9gatif en bas). * Voir l&rsquo;image en dessous.<\/p>\n<p>e) Remplissez les deux autres cases restantes de la m\u00eame fa\u00e7on en faisant correspondre la couleur avec les valeurs de gris des deux autres cases.<\/p>\n<p><a href=\"https:\/\/catherinegoerner.com\/wp-content\/uploads\/2017\/10\/IMG_3622.jpg\"><img loading=\"lazy\" decoding=\"async\" class=\"alignnone size-full wp-image-1153\" src=\"https:\/\/catherinegoerner.com\/wp-content\/uploads\/2017\/10\/IMG_3622.jpg\" alt=\"IMG_3622\" width=\"2448\" height=\"3264\" srcset=\"https:\/\/catherinegoerner.com\/wp-content\/uploads\/2017\/10\/IMG_3622.jpg 2448w, https:\/\/catherinegoerner.com\/wp-content\/uploads\/2017\/10\/IMG_3622-225x300.jpg 225w, https:\/\/catherinegoerner.com\/wp-content\/uploads\/2017\/10\/IMG_3622-768x1024.jpg 768w\" sizes=\"auto, (max-width: 2448px) 100vw, 2448px\" \/><\/a><\/p>\n<p>&nbsp;<\/p>\n<p>&nbsp;<\/p>\n<p><strong>PLUS!\u00a0<\/strong><\/p>\n<p><strong>Les volumes en valeurs de gris et en couleurs:<\/strong><\/p>\n<p>Pour cet exercice vous aurez besoin d&rsquo;un objet \u00e0 dessiner par observation. J&rsquo;ai choisi ici une citrouille comme on approche de l&rsquo;Halloween \ud83d\ude42<\/p>\n<p>1- Dessiner votre objet (on dira citrouille dans ce cas). Utiliser au minimum 5 valeurs de gris et les dessiner dans 5 petites cases en haut de votre page. Tenter de reproduire les ombres et la lumi\u00e8re et dans leurs intensit\u00e9s le plus fid\u00e8lement possible. N&rsquo;oubliez pas l&rsquo;ombre port\u00e9e: c&rsquo;est celle qui est sur la surface de la table.\u00a0<a href=\"https:\/\/catherinegoerner.com\/wp-content\/uploads\/2017\/10\/IMG_3614.jpg\"><img loading=\"lazy\" decoding=\"async\" class=\"alignnone size-full wp-image-1145\" src=\"https:\/\/catherinegoerner.com\/wp-content\/uploads\/2017\/10\/IMG_3614.jpg\" alt=\"IMG_3614\" width=\"2448\" height=\"3264\" srcset=\"https:\/\/catherinegoerner.com\/wp-content\/uploads\/2017\/10\/IMG_3614.jpg 2448w, https:\/\/catherinegoerner.com\/wp-content\/uploads\/2017\/10\/IMG_3614-225x300.jpg 225w, https:\/\/catherinegoerner.com\/wp-content\/uploads\/2017\/10\/IMG_3614-768x1024.jpg 768w\" sizes=\"auto, (max-width: 2448px) 100vw, 2448px\" \/><\/a><\/p>\n<p>2- Refaire le m\u00eame exercice sur la moiti\u00e9 au bas de votre page en utilisant 2 crayons de couleur diff\u00e9rentes. Choisir une couleur tr\u00e8s claire et une tr\u00e8s fonc\u00e9e. Remplir les 5 cases en m\u00e9langeant vos couleurs pour les cases du milieu.<\/p>\n<p><strong><em>Vous savez maintenant utiliser les valeurs de gris, les tons de couleurs et cr\u00e9er des volumes en ombres et lumi\u00e8re!<\/em><\/strong><\/p>\n","protected":false},"excerpt":{"rendered":"<p>Les valeurs de gris: Ce sont diff\u00e9rents tons allant du blanc (clair) au noir (obscur) en passant par une vari\u00e9t\u00e9 infinie de gris p\u00e2les, moyens aux gris les plus fonc\u00e9s. Vous pouvez facilement en cr\u00e9er plusieurs avec la mine de &hellip; <a href=\"https:\/\/catherinegoerner.com\/?page_id=1124\">Continuer la lecture <span class=\"meta-nav\">&rarr;<\/span><\/a><\/p>\n","protected":false},"author":1,"featured_media":0,"parent":0,"menu_order":0,"comment_status":"open","ping_status":"open","template":"","meta":{"footnotes":""},"class_list":["post-1124","page","type-page","status-publish","hentry"],"_links":{"self":[{"href":"https:\/\/catherinegoerner.com\/index.php?rest_route=\/wp\/v2\/pages\/1124","targetHints":{"allow":["GET"]}}],"collection":[{"href":"https:\/\/catherinegoerner.com\/index.php?rest_route=\/wp\/v2\/pages"}],"about":[{"href":"https:\/\/catherinegoerner.com\/index.php?rest_route=\/wp\/v2\/types\/page"}],"author":[{"embeddable":true,"href":"https:\/\/catherinegoerner.com\/index.php?rest_route=\/wp\/v2\/users\/1"}],"replies":[{"embeddable":true,"href":"https:\/\/catherinegoerner.com\/index.php?rest_route=%2Fwp%2Fv2%2Fcomments&post=1124"}],"version-history":[{"count":7,"href":"https:\/\/catherinegoerner.com\/index.php?rest_route=\/wp\/v2\/pages\/1124\/revisions"}],"predecessor-version":[{"id":1240,"href":"https:\/\/catherinegoerner.com\/index.php?rest_route=\/wp\/v2\/pages\/1124\/revisions\/1240"}],"wp:attachment":[{"href":"https:\/\/catherinegoerner.com\/index.php?rest_route=%2Fwp%2Fv2%2Fmedia&parent=1124"}],"curies":[{"name":"wp","href":"https:\/\/api.w.org\/{rel}","templated":true}]}}