{"id":1034,"date":"2017-09-10T22:12:24","date_gmt":"2017-09-11T02:12:24","guid":{"rendered":"https:\/\/catherinegoerner.com\/?page_id=1034"},"modified":"2017-11-27T10:30:49","modified_gmt":"2017-11-27T15:30:49","slug":"premier-cycle","status":"publish","type":"page","link":"https:\/\/catherinegoerner.com\/?page_id=1034","title":{"rendered":"Premier Cycle"},"content":{"rendered":"<p><em>Bonjour,<\/em><\/p>\n<p><em>Voici quelques liens utiles pour vos cours d&rsquo;arts plastiques. Vous trouverez \u00e9galement des images d&rsquo;inspirations et documents pr\u00e9sent\u00e9s en classe pour vos projets. Bonne visite!<\/em><\/p>\n<p><em>Mme Goerner-Potvin<\/em> \ud83d\ude42<\/p>\n<p><b><span style=\"text-decoration: underline;\">Notions et cours:<\/span><\/b><\/p>\n<ul>\n<li><a title=\"La ligne: Projet Coiffure invent\u00e9e\" href=\"https:\/\/catherinegoerner.com\/?page_id=1181\">La ligne: Projet coiffure invent\u00e9e<\/a><\/li>\n<li><a title=\"Les motifs et la texture\" href=\"https:\/\/catherinegoerner.com\/?page_id=1201\">Les motifs et la texture<\/a><\/li>\n<li><a title=\"Les formes et leur organisation dans l\u2019espace.\" href=\"https:\/\/catherinegoerner.com\/?page_id=1224\">Les formes et leur organisation dans l&rsquo;espace<\/a><\/li>\n<li><a title=\"Les contrastes et l\u2019espace Positif-N\u00e9gatif\" href=\"https:\/\/catherinegoerner.com\/?page_id=1187\">Les contrastes et l&rsquo;espace Positif\/ N\u00e9gatif<\/a><\/li>\n<li><a title=\"Projet couverture du cahier \u00e0 dessin: Autoportrait noir et blanc\" href=\"https:\/\/catherinegoerner.com\/?page_id=1184\">Projet Couverture du cahier \u00e0 dessin: Autoportrait en noir et blanc<\/a><\/li>\n<li><a title=\"Les valeurs de gris et la couleur\" href=\"https:\/\/catherinegoerner.com\/?page_id=1124\">Les valeurs de gris et la couleur<\/a><\/li>\n<li><a title=\"Projet Mandalas g\u00e9om\u00e9triques (valeurs de gris et couleurs)\" href=\"https:\/\/catherinegoerner.com\/?page_id=1193\">Projet Mandalas g\u00e9om\u00e9triques<\/a><\/li>\n<li><a href=\"https:\/\/catherinegoerner.com\/?page_id=1263\">Projet Onomatop\u00e9es<\/a><\/li>\n<\/ul>\n<p>&nbsp;<\/p>\n","protected":false},"excerpt":{"rendered":"<p>Bonjour, Voici quelques liens utiles pour vos cours d&rsquo;arts plastiques. Vous trouverez \u00e9galement des images d&rsquo;inspirations et documents pr\u00e9sent\u00e9s en classe pour vos projets. Bonne visite! Mme Goerner-Potvin \ud83d\ude42 Notions et cours: La ligne: Projet coiffure invent\u00e9e Les motifs et &hellip; <a href=\"https:\/\/catherinegoerner.com\/?page_id=1034\">Continuer la lecture <span class=\"meta-nav\">&rarr;<\/span><\/a><\/p>\n","protected":false},"author":1,"featured_media":0,"parent":0,"menu_order":0,"comment_status":"open","ping_status":"open","template":"","meta":{"footnotes":""},"class_list":["post-1034","page","type-page","status-publish","hentry"],"_links":{"self":[{"href":"https:\/\/catherinegoerner.com\/index.php?rest_route=\/wp\/v2\/pages\/1034","targetHints":{"allow":["GET"]}}],"collection":[{"href":"https:\/\/catherinegoerner.com\/index.php?rest_route=\/wp\/v2\/pages"}],"about":[{"href":"https:\/\/catherinegoerner.com\/index.php?rest_route=\/wp\/v2\/types\/page"}],"author":[{"embeddable":true,"href":"https:\/\/catherinegoerner.com\/index.php?rest_route=\/wp\/v2\/users\/1"}],"replies":[{"embeddable":true,"href":"https:\/\/catherinegoerner.com\/index.php?rest_route=%2Fwp%2Fv2%2Fcomments&post=1034"}],"version-history":[{"count":14,"href":"https:\/\/catherinegoerner.com\/index.php?rest_route=\/wp\/v2\/pages\/1034\/revisions"}],"predecessor-version":[{"id":1454,"href":"https:\/\/catherinegoerner.com\/index.php?rest_route=\/wp\/v2\/pages\/1034\/revisions\/1454"}],"wp:attachment":[{"href":"https:\/\/catherinegoerner.com\/index.php?rest_route=%2Fwp%2Fv2%2Fmedia&parent=1034"}],"curies":[{"name":"wp","href":"https:\/\/api.w.org\/{rel}","templated":true}]}}